{"id":472,"date":"2012-02-27T17:00:59","date_gmt":"2012-02-27T16:00:59","guid":{"rendered":"http:\/\/cirs-ragusa.org\/blog\/?page_id=472"},"modified":"2012-06-13T16:40:25","modified_gmt":"2012-06-13T15:40:25","slug":"viii-convegno-nazionale-cavita-artificiali","status":"publish","type":"page","link":"https:\/\/cirs-ragusa.org\/blog\/viii-convegno-nazionale-cavita-artificiali\/","title":{"rendered":"VIII Convegno Nazionale C.A."},"content":{"rendered":"<p style=\"text-align: center;\"><a href=\"http:\/\/cirs-ragusa.org\/blog\/wp-content\/uploads\/loghi_cavita.jpg\"><img fetchpriority=\"high\" decoding=\"async\" width=\"599\" height=\"205\" class=\"aligncenter size-full wp-image-485\" title=\"loghi_cavita\" src=\"http:\/\/cirs-ragusa.org\/blog\/wp-content\/uploads\/loghi_cavita.jpg\" alt=\"\" \/><\/a><\/p>\n<p style=\"text-align: center;\"><span style=\"font-size: large; color: #993300;\"><strong>VIII Convegno Nazionale di Speleologia in Cavit\u00e0 Artificiali<\/strong><\/span><\/p>\n<p style=\"text-align: center;\"><span style=\"font-size: medium;\"><strong>Ragusa, 7\/9 Settembre 2012<\/strong><\/span><\/p>\n<p style=\"text-align: center;\"><strong><br \/>\n<\/strong><\/p>\n<p>&nbsp;<\/p>\n<p>Il Centro Ibleo di Ricerche Speleo-idrogeologiche e la Commissione Nazionale Cavit\u00e0 Artificiali SSI organizzano il Convegno biennale di speleologia in Cavit\u00e0 Artificiali (VIII Convegno Nazionale C.A. SSI).<\/p>\n<p>\u00c8 possibile partecipare con relazioni o poster.<\/p>\n<p>Gli interessati dovranno inviare una proposta completa di titolo, dati personali (nome, cognome, ente \/ gruppo di appartenenza, recapiti postali, email e telefonici) e di abstract in italiano ed inglese di massimo 1800 battute ciascuno (spazi inclusi) <strong>entro il 30 giugno 2012<\/strong> all&#8217;indirizzo info@cirs-ragusa.org.<\/p>\n<p>Il Comitato Scientifico valuter\u00e0 la proposta e comunicher\u00e0 all&#8217;autore (o agli autori) l&#8217;accettazione del contributo. Gli atti del Convegno saranno pubblicati su un numero monografico della rivista Opera Ipogea &#8211; Journal of Speleology in Artificial Cavities. Pertanto, ai fini della pubblicazione, tutti i contributi presentati, sia in forma di relazione che di poster, dovranno essere in linea con le norme editoriali della rivista e consegnati brevi manu alla segreteria del Convegno durante lo svolgimento.<\/p>\n<p>Tutti i contributi saranno successivamente sottoposti a referaggio scientifico e verifica redazionale, con possibilit\u00e0 di richiesta di modifiche e integrazioni funzionali all&#8217;accettazione del contributo per la stampa.<\/p>\n<p>Costo di iscrizione:<\/p>\n<p>euro 40 relatori e convegnisti (ricevono copia degli atti)<\/p>\n<p>euro 20 accompagnatori (non ricevono copia degli atti)<\/p>\n<p>***<\/p>\n<p><a href=\"http:\/\/cirs-ragusa.org\/blog\/wp-content\/uploads\/Broshure1.jpg\"><img decoding=\"async\" class=\"aligncenter size-large wp-image-556\" title=\"Broshure 1\" src=\"http:\/\/cirs-ragusa.org\/blog\/wp-content\/uploads\/Broshure1-1024x723.jpg\" alt=\"\" width=\"1024\" height=\"723\" \/><\/a><\/p>\n<p><a href=\"http:\/\/cirs-ragusa.org\/blog\/wp-content\/uploads\/Broshure2.jpg\"><img decoding=\"async\" class=\"aligncenter size-large wp-image-557\" title=\"Broshure2\" src=\"http:\/\/cirs-ragusa.org\/blog\/wp-content\/uploads\/Broshure2-1024x723.jpg\" alt=\"\" width=\"1024\" height=\"723\" \/><\/a><\/p>\n<p><a href=\"http:\/\/cirs-ragusa.org\/blog\/wp-content\/uploads\/Form-di-registrazione-Ragusa-2012.pdf\">Form di Registrazione<\/a><\/p>\n<p><a href=\"http:\/\/cirs-ragusa.org\/blog\/wp-content\/uploads\/Note-per-gli-autori.pdf\">Note per gli autori<\/a><\/p>\n<p><a href=\"http:\/\/cirs-ragusa.org\/blog\/wp-content\/uploads\/Come-arrivare.pdf\">Come arrivare<\/a><\/p>\n<p><a href=\"http:\/\/cirs-ragusa.org\/blog\/wp-content\/uploads\/Dove-alloggiare.pdf\">Dove alloggiare<\/a><\/p>\n","protected":false},"excerpt":{"rendered":"<p>VIII Convegno Nazionale di Speleologia in Cavit\u00e0 Artificiali Ragusa, 7\/9 Settembre 2012 &nbsp; Il Centro Ibleo di Ricerche Speleo-idrogeologiche e la Commissione Nazionale Cavit\u00e0 Artificiali SSI organizzano il Convegno biennale di speleologia in Cavit\u00e0 Artificiali (VIII Convegno Nazionale C.A. SSI). \u00c8 possibile partecipare con relazioni o poster. Gli interessati dovranno inviare una proposta completa di [&hellip;]<\/p>\n","protected":false},"author":1,"featured_media":0,"parent":0,"menu_order":0,"comment_status":"open","ping_status":"open","template":"","meta":{"footnotes":""},"class_list":["post-472","page","type-page","status-publish","hentry"],"_links":{"self":[{"href":"https:\/\/cirs-ragusa.org\/blog\/wp-json\/wp\/v2\/pages\/472","targetHints":{"allow":["GET"]}}],"collection":[{"href":"https:\/\/cirs-ragusa.org\/blog\/wp-json\/wp\/v2\/pages"}],"about":[{"href":"https:\/\/cirs-ragusa.org\/blog\/wp-json\/wp\/v2\/types\/page"}],"author":[{"embeddable":true,"href":"https:\/\/cirs-ragusa.org\/blog\/wp-json\/wp\/v2\/users\/1"}],"replies":[{"embeddable":true,"href":"https:\/\/cirs-ragusa.org\/blog\/wp-json\/wp\/v2\/comments?post=472"}],"version-history":[{"count":17,"href":"https:\/\/cirs-ragusa.org\/blog\/wp-json\/wp\/v2\/pages\/472\/revisions"}],"predecessor-version":[{"id":477,"href":"https:\/\/cirs-ragusa.org\/blog\/wp-json\/wp\/v2\/pages\/472\/revisions\/477"}],"wp:attachment":[{"href":"https:\/\/cirs-ragusa.org\/blog\/wp-json\/wp\/v2\/media?parent=472"}],"curies":[{"name":"wp","href":"https:\/\/api.w.org\/{rel}","templated":true}]}}