{"id":45,"date":"2008-10-28T22:16:02","date_gmt":"2008-10-28T21:16:02","guid":{"rendered":"http:\/\/cirs-ragusa.org\/blog\/?page_id=45"},"modified":"2008-10-30T00:21:20","modified_gmt":"2008-10-29T23:21:20","slug":"attivita-internazionale","status":"publish","type":"page","link":"https:\/\/cirs-ragusa.org\/blog\/attivita-internazionale\/","title":{"rendered":"Attivit\u00e0 Internazionale"},"content":{"rendered":"<p>Archivio delle nostre attivit\u00e0 in Brasile, Cina, Egitto, Etiopia, Indonesia, Iran, Libia, Malta, Marocco, Messico, Mongolia, Mozambico, Per\u00f9, Siria, Turchia, Zambia&#8230;<\/p>\n<p>Selezionare una voce nel menu &#8220;Attivit\u00e0 CIRS&#8221; nella colonna a sinistra per leggere le pagine.<\/p>\n","protected":false},"excerpt":{"rendered":"<p>Archivio delle nostre attivit\u00e0 in Brasile, Cina, Egitto, Etiopia, Indonesia, Iran, Libia, Malta, Marocco, Messico, Mongolia, Mozambico, Per\u00f9, Siria, Turchia, Zambia&#8230; Selezionare una voce nel menu &#8220;Attivit\u00e0 CIRS&#8221; nella colonna a sinistra per leggere le pagine.<\/p>\n","protected":false},"author":1,"featured_media":0,"parent":0,"menu_order":2,"comment_status":"open","ping_status":"open","template":"","meta":{"footnotes":""},"class_list":["post-45","page","type-page","status-publish","hentry"],"_links":{"self":[{"href":"https:\/\/cirs-ragusa.org\/blog\/wp-json\/wp\/v2\/pages\/45","targetHints":{"allow":["GET"]}}],"collection":[{"href":"https:\/\/cirs-ragusa.org\/blog\/wp-json\/wp\/v2\/pages"}],"about":[{"href":"https:\/\/cirs-ragusa.org\/blog\/wp-json\/wp\/v2\/types\/page"}],"author":[{"embeddable":true,"href":"https:\/\/cirs-ragusa.org\/blog\/wp-json\/wp\/v2\/users\/1"}],"replies":[{"embeddable":true,"href":"https:\/\/cirs-ragusa.org\/blog\/wp-json\/wp\/v2\/comments?post=45"}],"version-history":[{"count":4,"href":"https:\/\/cirs-ragusa.org\/blog\/wp-json\/wp\/v2\/pages\/45\/revisions"}],"predecessor-version":[{"id":135,"href":"https:\/\/cirs-ragusa.org\/blog\/wp-json\/wp\/v2\/pages\/45\/revisions\/135"}],"wp:attachment":[{"href":"https:\/\/cirs-ragusa.org\/blog\/wp-json\/wp\/v2\/media?parent=45"}],"curies":[{"name":"wp","href":"https:\/\/api.w.org\/{rel}","templated":true}]}}