{"id":2,"date":"2008-10-27T12:48:37","date_gmt":"2008-10-27T11:48:37","guid":{"rendered":"http:\/\/www.cirs-ragusa.org\/?page_id=2"},"modified":"2008-10-28T22:05:00","modified_gmt":"2008-10-28T21:05:00","slug":"info","status":"publish","type":"page","link":"https:\/\/cirs-ragusa.org\/blog\/info\/","title":{"rendered":"Chi siamo"},"content":{"rendered":"<p>Il sito web del Cirs Ragusa \u00e8 in costruzione. Torna pi\u00f9 tardi per trovare maggiori informazioni sulla nostra attivit\u00e0.<\/p>\n","protected":false},"excerpt":{"rendered":"<p>Il sito web del Cirs Ragusa \u00e8 in costruzione. Torna pi\u00f9 tardi per trovare maggiori informazioni sulla nostra attivit\u00e0.<\/p>\n","protected":false},"author":1,"featured_media":0,"parent":0,"menu_order":0,"comment_status":"open","ping_status":"open","template":"","meta":{"footnotes":""},"class_list":["post-2","page","type-page","status-publish","hentry"],"_links":{"self":[{"href":"https:\/\/cirs-ragusa.org\/blog\/wp-json\/wp\/v2\/pages\/2","targetHints":{"allow":["GET"]}}],"collection":[{"href":"https:\/\/cirs-ragusa.org\/blog\/wp-json\/wp\/v2\/pages"}],"about":[{"href":"https:\/\/cirs-ragusa.org\/blog\/wp-json\/wp\/v2\/types\/page"}],"author":[{"embeddable":true,"href":"https:\/\/cirs-ragusa.org\/blog\/wp-json\/wp\/v2\/users\/1"}],"replies":[{"embeddable":true,"href":"https:\/\/cirs-ragusa.org\/blog\/wp-json\/wp\/v2\/comments?post=2"}],"version-history":[{"count":5,"href":"https:\/\/cirs-ragusa.org\/blog\/wp-json\/wp\/v2\/pages\/2\/revisions"}],"predecessor-version":[{"id":22,"href":"https:\/\/cirs-ragusa.org\/blog\/wp-json\/wp\/v2\/pages\/2\/revisions\/22"}],"wp:attachment":[{"href":"https:\/\/cirs-ragusa.org\/blog\/wp-json\/wp\/v2\/media?parent=2"}],"curies":[{"name":"wp","href":"https:\/\/api.w.org\/{rel}","templated":true}]}}